{"id":1399,"date":"2025-12-14T21:42:58","date_gmt":"2025-12-14T21:42:58","guid":{"rendered":"https:\/\/www.ichsingsogern.com\/ichsingsogern\/?post_type=product&#038;p=1399"},"modified":"2025-12-14T21:42:58","modified_gmt":"2025-12-14T21:42:58","slug":"historyexplorer","status":"publish","type":"product","link":"https:\/\/www.ichsingsogern.com\/ichsingsogern\/product\/historyexplorer\/","title":{"rendered":"HistoryExplorer"},"content":{"rendered":"<p>HistoryExplorer &#8211; Die Software zum Erforschen historischer Daten!<br \/>\nZoome Dich durch die Zeitalter und entdecke spannende Zusammenh\u00e4nge!<\/p>\n<table class=\"indextable\">\n<tbody>\n<tr>\n<td class=\"center\">\n<ul>\n<li>Geschichte der Nationen, Technik und Religionen<\/li>\n<li>\u00dcber 9500 Eintr\u00e4ge zu historischen Ereignisse<\/li>\n<\/ul>\n<\/td>\n<td class=\"center\">\n<ul>\n<li>\u00dcber 400 Karten und Bilder<\/li>\n<li>Datenbanken downloaden, erg\u00e4nzen und austauschen<\/li>\n<\/ul>\n<\/td>\n<\/tr>\n<\/tbody>\n<\/table>\n<p>Herunterladen und 3 Tage testen \u00fcber diesen Link: <a href=\"https:\/\/www.history-explorer.com\/\">HistoryExplorer<\/a><\/p>\n<p>Gratis Lizenz anfordern \u00fcber diesen Link: <a href=\"https:\/\/www.history-explorer.com\/\">HistoryExplorer<\/a><\/p>\n","protected":false},"excerpt":{"rendered":"<p>HistoryExplorer &#8211; Die Software zum Erforschen historischer Daten! Zoome Dich durch die Zeitalter und entdecke spannende Zusammenh\u00e4nge! Geschichte der Nationen, Technik und Religionen \u00dcber 9500 Eintr\u00e4ge zu historischen Ereignisse \u00dcber 400 Karten und Bilder Datenbanken downloaden, erg\u00e4nzen und austauschen Herunterladen und 3 Tage testen \u00fcber diesen Link: HistoryExplorer Gratis Lizenz anfordern \u00fcber diesen Link: HistoryExplorer<\/p>\n","protected":false},"featured_media":1400,"comment_status":"open","ping_status":"closed","template":"","meta":[],"product_cat":[29],"product_tag":[],"class_list":["post-1399","product","type-product","status-publish","has-post-thumbnail","hentry","product_cat-literatur"],"_links":{"self":[{"href":"https:\/\/www.ichsingsogern.com\/ichsingsogern\/wp-json\/wp\/v2\/product\/1399","targetHints":{"allow":["GET"]}}],"collection":[{"href":"https:\/\/www.ichsingsogern.com\/ichsingsogern\/wp-json\/wp\/v2\/product"}],"about":[{"href":"https:\/\/www.ichsingsogern.com\/ichsingsogern\/wp-json\/wp\/v2\/types\/product"}],"replies":[{"embeddable":true,"href":"https:\/\/www.ichsingsogern.com\/ichsingsogern\/wp-json\/wp\/v2\/comments?post=1399"}],"wp:featuredmedia":[{"embeddable":true,"href":"https:\/\/www.ichsingsogern.com\/ichsingsogern\/wp-json\/wp\/v2\/media\/1400"}],"wp:attachment":[{"href":"https:\/\/www.ichsingsogern.com\/ichsingsogern\/wp-json\/wp\/v2\/media?parent=1399"}],"wp:term":[{"taxonomy":"product_cat","embeddable":true,"href":"https:\/\/www.ichsingsogern.com\/ichsingsogern\/wp-json\/wp\/v2\/product_cat?post=1399"},{"taxonomy":"product_tag","embeddable":true,"href":"https:\/\/www.ichsingsogern.com\/ichsingsogern\/wp-json\/wp\/v2\/product_tag?post=1399"}],"curies":[{"name":"wp","href":"https:\/\/api.w.org\/{rel}","templated":true}]}}