{"id":1397,"date":"2025-12-14T21:35:42","date_gmt":"2025-12-14T21:35:42","guid":{"rendered":"https:\/\/www.ichsingsogern.com\/ichsingsogern\/?post_type=product&#038;p=1397"},"modified":"2025-12-14T21:35:42","modified_gmt":"2025-12-14T21:35:42","slug":"aus-liebe-zur-wahrheit-stefan-dilly","status":"publish","type":"product","link":"https:\/\/www.ichsingsogern.com\/ichsingsogern\/product\/aus-liebe-zur-wahrheit-stefan-dilly\/","title":{"rendered":"Aus Liebe zur Wahrheit &#8211; Stefan Dilly"},"content":{"rendered":"<p>Aus Liebe zur Wahrheit &#8211; Schwimmhilfe gegen den Strom<\/p>\n<p>Stefan Dilly<\/p>\n<p>Wer nicht nur mit dem Strom und den anderen gro\u00dfen und kleinen Fischen schwimmen m\u00f6chte, der muss f\u00fcr sich die \u201eWahrheit\u201c erkennen. Denn nur dann kann man seinen Standpunkt finden und diesen selbstbewusst und mutig vertreten. Der Autor Stefan Dilly nimmt den Leser in diesem Buch Schritt f\u00fcr Schritt mit auf seine eigene Suche nach Wahrheit und er\u00f6ffnet damit Horizonte, \u00fcber die es sich nachzudenken lohnt. Geeignet zum Weitergeben an Freunde, Nachbarn und bei B\u00fcchertischen! Stefan Dilly ist in \u00d6sterreich geboren, gl\u00fccklich verheiratet und Vater zweier Kinder. Nach dem Studium der Wirtschaftsinformatik war er \u00fcber ein Jahrzehnt in der Softwarebranche \u2013unter anderem als Unternehmensgr\u00fcnder \u2013 t\u00e4tig, bevor er im Anschluss Theologie studierte. Derzeit arbeitet er als Pastor in der Schweiz.<\/p>\n<table class=\"table table-striped product-detail-properties-table\">\n<tbody>\n<tr class=\"properties-row\">\n<th class=\"properties-label\">SBN\/EAN:<\/th>\n<td class=\"properties-value\">9783906309415<\/td>\n<\/tr>\n<tr class=\"properties-row\">\n<th class=\"properties-label\">Sprache:<\/th>\n<td class=\"properties-value\">Deutsch<\/td>\n<\/tr>\n<tr class=\"properties-row\">\n<th class=\"properties-label\">Seiten:<\/th>\n<td class=\"properties-value\">168<\/td>\n<\/tr>\n<tr class=\"properties-row\">\n<th class=\"properties-label\">Auflage:<\/th>\n<td class=\"properties-value\">1. Aufl., 2020<\/td>\n<\/tr>\n<tr class=\"properties-row\">\n<th class=\"properties-label\">Format:<\/th>\n<td class=\"properties-value\">Softcover<\/td>\n<\/tr>\n<tr class=\"properties-row\">\n<th class=\"properties-label\">Ma\u00dfe:<\/th>\n<td class=\"properties-value\">11 cm x 18 cm<\/td>\n<\/tr>\n<\/tbody>\n<\/table>\n","protected":false},"excerpt":{"rendered":"<p>Schwimmhilfe gegen den Strom<\/p>\n","protected":false},"featured_media":1398,"comment_status":"open","ping_status":"closed","template":"","meta":[],"product_cat":[29],"product_tag":[],"class_list":["post-1397","product","type-product","status-publish","has-post-thumbnail","hentry","product_cat-literatur","product_shipping_class-cd-ich-hebe-liederbuch"],"_links":{"self":[{"href":"https:\/\/www.ichsingsogern.com\/ichsingsogern\/wp-json\/wp\/v2\/product\/1397","targetHints":{"allow":["GET"]}}],"collection":[{"href":"https:\/\/www.ichsingsogern.com\/ichsingsogern\/wp-json\/wp\/v2\/product"}],"about":[{"href":"https:\/\/www.ichsingsogern.com\/ichsingsogern\/wp-json\/wp\/v2\/types\/product"}],"replies":[{"embeddable":true,"href":"https:\/\/www.ichsingsogern.com\/ichsingsogern\/wp-json\/wp\/v2\/comments?post=1397"}],"wp:featuredmedia":[{"embeddable":true,"href":"https:\/\/www.ichsingsogern.com\/ichsingsogern\/wp-json\/wp\/v2\/media\/1398"}],"wp:attachment":[{"href":"https:\/\/www.ichsingsogern.com\/ichsingsogern\/wp-json\/wp\/v2\/media?parent=1397"}],"wp:term":[{"taxonomy":"product_cat","embeddable":true,"href":"https:\/\/www.ichsingsogern.com\/ichsingsogern\/wp-json\/wp\/v2\/product_cat?post=1397"},{"taxonomy":"product_tag","embeddable":true,"href":"https:\/\/www.ichsingsogern.com\/ichsingsogern\/wp-json\/wp\/v2\/product_tag?post=1397"}],"curies":[{"name":"wp","href":"https:\/\/api.w.org\/{rel}","templated":true}]}}