{"id":1320,"date":"2024-08-22T19:42:35","date_gmt":"2024-08-22T19:42:35","guid":{"rendered":"https:\/\/www.ichsingsogern.com\/ichsingsogern\/?post_type=product&#038;p=1320"},"modified":"2024-08-22T19:42:35","modified_gmt":"2024-08-22T19:42:35","slug":"cd-was-wie-wo","status":"publish","type":"product","link":"https:\/\/www.ichsingsogern.com\/ichsingsogern\/product\/cd-was-wie-wo\/","title":{"rendered":"CD Was Wie Wo?"},"content":{"rendered":"<p>Ein besonderes Pfingstfest &#8211; als der Heilige Geist ausgegossen wurde. Die Pilger sind auf dem Weg nach Jerusalem, freuen sich auf das Fest und fragen sich, ob sie diesen Jesus erleben werden, von dem sie schon so viel geh\u00f6rt haben. Was sie erleben, \u00fcbertrifft ihre k\u00fchnsten Erwartungen&#8230;<\/p>\n<p>Ein Kindermusical von Anita Kanor und Sonja Dilly<\/p>\n<p>Live-Aufnahme in Aarau mit dem erweiterten Kinderchor Mellingen<\/p>\n<p>&nbsp;<\/p>\n","protected":false},"excerpt":{"rendered":"<p>Ein besonderes Pfingstfest &#8211; als der Heilige Geist ausgegossen wurde. Die Pilger sind auf dem Weg nach Jerusalem, freuen sich auf das Fest und fragen sich, ob sie diesen Jesus erleben werden, von dem sie schon so viel geh\u00f6rt haben. Was sie erleben, \u00fcbertrifft ihre k\u00fchnsten Erwartungen&#8230; Ein Kindermusical von Anita Kanor und Sonja Dilly [&hellip;]<\/p>\n","protected":false},"featured_media":1322,"comment_status":"open","ping_status":"closed","template":"","meta":[],"product_cat":[31],"product_tag":[48,47,49,50],"class_list":["post-1320","product","type-product","status-publish","has-post-thumbnail","hentry","product_cat-musik","product_tag-kinderchor-mellingen","product_tag-kindermusical","product_tag-pfingsten","product_tag-was-wie-wo","product_shipping_class-cd-bunte-liedtupfer"],"_links":{"self":[{"href":"https:\/\/www.ichsingsogern.com\/ichsingsogern\/wp-json\/wp\/v2\/product\/1320","targetHints":{"allow":["GET"]}}],"collection":[{"href":"https:\/\/www.ichsingsogern.com\/ichsingsogern\/wp-json\/wp\/v2\/product"}],"about":[{"href":"https:\/\/www.ichsingsogern.com\/ichsingsogern\/wp-json\/wp\/v2\/types\/product"}],"replies":[{"embeddable":true,"href":"https:\/\/www.ichsingsogern.com\/ichsingsogern\/wp-json\/wp\/v2\/comments?post=1320"}],"wp:featuredmedia":[{"embeddable":true,"href":"https:\/\/www.ichsingsogern.com\/ichsingsogern\/wp-json\/wp\/v2\/media\/1322"}],"wp:attachment":[{"href":"https:\/\/www.ichsingsogern.com\/ichsingsogern\/wp-json\/wp\/v2\/media?parent=1320"}],"wp:term":[{"taxonomy":"product_cat","embeddable":true,"href":"https:\/\/www.ichsingsogern.com\/ichsingsogern\/wp-json\/wp\/v2\/product_cat?post=1320"},{"taxonomy":"product_tag","embeddable":true,"href":"https:\/\/www.ichsingsogern.com\/ichsingsogern\/wp-json\/wp\/v2\/product_tag?post=1320"}],"curies":[{"name":"wp","href":"https:\/\/api.w.org\/{rel}","templated":true}]}}