{"id":16,"date":"2023-09-30T21:29:13","date_gmt":"2023-09-30T19:29:13","guid":{"rendered":"https:\/\/www.ichsingsogern.com\/ichsingsogern\/agb\/"},"modified":"2023-11-14T21:04:08","modified_gmt":"2023-11-14T21:04:08","slug":"agb","status":"publish","type":"page","link":"https:\/\/www.ichsingsogern.com\/ichsingsogern\/agb\/","title":{"rendered":"AGB"},"content":{"rendered":"\n<p>Allgemeine Gesch\u00e4ftsbedingungen AGB<\/p>\n\n\n\n<p>Ich sing so gern<\/p>\n\n\n\n<figure class=\"wp-block-table\"><table><tbody><tr><td>1<\/td><td>Geltungsbereich<\/td><\/tr><tr><td>1.1<\/td><td>Diese Allgemeinen Gesch\u00e4ftsbedingungen (nachfolgend \u201eAGB\u201c) haben G\u00fcltigkeit f\u00fcr alle Gesch\u00e4ftsbeziehungen zwischen <em>Ich sing so gern<\/em> (nachfolgend \u201eISSG\u201c) und seinen Kunden. Insbesondere regeln sie den Verkauf von Waren (z. B. CDs, Salze, Liederb\u00fccher) \u00fcber den Webshop www.ichsingsogern.com\/ichsingsogern\/shop.<\/td><\/tr><tr><td>1.2<\/td><td>Es gilt jeweils die bei Vertragsschluss aktuelle Fassung dieser AGB. Diese stehen im Webshop zur Einsicht und zum Ausdrucken bereit.<\/td><\/tr><tr><td>2<\/td><td>Vertragspartner Ich sing so gern Breitweg 207 5732 Zetzwil<br>Schweiz Telefon: +41 76 569 35 91 E-Mail: sonja.dilly@01dilly.com Internet: www.ichsingsogern.com Verantwortlich: Sonja Dilly USt.ID-Nr.: &nbsp;<\/td><\/tr><tr><td>3<\/td><td>Vertragsschluss<\/td><\/tr><tr><td>3.1<\/td><td>S\u00e4mtliche Waren und Dienstleistungen, die auf dem vorgenannten Webshop von ISSG dargestellt werden, stellen kein verbindliches Kaufvertragsangebot dar. Sie sind unverbindlich. \u00c4nderungen bei Neuauflagen, bei Cover, beim Design sowie fehlerhafte Produktbeschreibungen, Abbildungen, Angaben zur Lieferbarkeit und Preisangaben sind vorbehalten.<\/td><\/tr><tr><td>3.2<\/td><td>Mit Abschluss des Bestellvorgangs im Webshop \u00fcbermittelt der Kunde ein verbindliches Angebot auf Abschluss eines Kaufvertrags. Eine Bestellbest\u00e4tigung per E-Mail best\u00e4tigt den Eingang des Kaufangebots bei ISSG, stellt jedoch noch keine Annahme des Angebots dar. Ein Kaufvertrag kommt erst zustande, wenn der Kunde von ISSG eine Versandbest\u00e4tigung oder die bestellte Ware erhalten hat.<\/td><\/tr><tr><td>3.3<\/td><td>Wenn ein Kaufvertragsangebot von ISSG nicht angenommen werden kann, wird der Kunde von ISSG dar\u00fcber informiert. Wenn m\u00f6glich werden ihm \u00e4hnliche, alternative Produkte angeboten.<\/td><\/tr><tr><td>3.4<\/td><td>ISSG kann eine Bestellung in Teillieferungen zustellen. In diesem Fall tr\u00e4gt ISSG die dadurch zus\u00e4tzlich anfallenden Kosten.<\/td><\/tr><tr><td>4<\/td><td>F\u00e4lligkeit und Zahlung<\/td><\/tr><tr><td>4.1<\/td><td>Alle Preise enthalten die gesetzliche Mehrwertsteuer.<\/td><\/tr><tr><td>4.2<\/td><td>ISSG akzeptiert folgende Zahlungsm\u00f6glichkeiten: Barzahlung (bei Selbstabholung)&nbsp;Kreditkarte ISSG beh\u00e4lt sich das Recht vor, einzelne der oben genannten Zahlungsm\u00f6glichkeiten produkt- oder kundenabh\u00e4ngig auszuschliessen.<\/td><\/tr><tr><td>4.3<\/td><td>Rechnungsbetr\u00e4ge (inkl. Versandkosten) werden mit Zustandekommen des Kaufvertrages sofort f\u00e4llig.&nbsp;<\/td><\/tr><tr><td>4.4<\/td><td>Bei Zahlungsverzug hat ISSG das Recht, eine Mahnkostenpauschale von bis zu CHF 20.\u2014 in Rechnung zu stellen. ISSG beh\u00e4lt sich jedoch das Recht vor, tats\u00e4chlich angefallene, \u00fcber die Mahnkostenpauschale hinaus gehende Sch\u00e4den, in Rechnung zu stellen.&nbsp;<\/td><\/tr><tr><td><\/td><td><\/td><\/tr><tr><td>5<\/td><td>Widerrufsrecht<\/td><\/tr><tr><td>5.1<\/td><td>ISSG gew\u00e4hrt seinen Kunden ein freiwilliges Widerrufsrecht binnen 14 Tage ohne Angabe von Gr\u00fcnden. Der Widerruf des Kaufvertrags erfolgt durch einen schriftlichen Widerruf durch den Kunden per Post, Fax oder E-Mail (sonja.dilly@01dilly.com) oder durch R\u00fccksendung der Ware an ISSG.&nbsp;<\/td><\/tr><tr><td>5.2<\/td><td>Die Portokosten f\u00fcr die R\u00fccksendung tr\u00e4gt im Falle eines Widerrufs der Kunde.<\/td><\/tr><tr><td>5.3<\/td><td>Wertverluste durch besch\u00e4digte oder abgenutzte Ware werden im Falle eines Widerrufs dem Kunden in Rechnung gestellt bzw. von einer R\u00fcckerstattung des Kaufpreises abgezogen. Der Kunde hat auf eine stossfeste Verpackung f\u00fcr die R\u00fccksendung zu achten, damit die Ware unbesch\u00e4digt zu ISSG gelangt.<\/td><\/tr><tr><td>5.4<\/td><td>Vom Widerrufsrecht ausgeschlossen sind: CDs, wenn sie nicht unbenutzt, versiegelt oder verschweisst in der Originalverpackung zur\u00fcckgesandt werdenSalze Lehnt ISSG einen Widerruf ab, tr\u00e4gt der Kunde die Portokosten f\u00fcr eine erneute Zusendung der Ware.<\/td><\/tr><tr><td>6<\/td><td>Eigentumsvorbehalt Die gelieferte Ware bleibt bis zur vollst\u00e4ndigen Bezahlung Eigentum von ISSG.<\/td><\/tr><tr><td>7<\/td><td>Gew\u00e4hrleistung und Haftung<\/td><\/tr><tr><td>7.1<\/td><td>Nutzen und Gefahr der bestellten Ware gehen mit der \u00dcbergabe an den Transporteur auf den K\u00e4ufer \u00fcber.&nbsp;<\/td><\/tr><tr><td>7.2<\/td><td>ISSG bem\u00fcht sich, Waren in einwandfreier Qualit\u00e4t zu liefern. Bei rechtzeitig ger\u00fcgten M\u00e4ngeln \u00fcbernimmt ISSG w\u00e4hrend der gesetzlichen Gew\u00e4hrleistungsfrist von zwei Jahren seit dem Lieferdatum die Gew\u00e4hrleistung f\u00fcr M\u00e4ngelfreiheit und Funktionsf\u00e4higkeit des vom Kunden erworbenen Gegenstandes. Es liegt im Ermessen von ISSG, die Gew\u00e4hrleistung durch kostenlose Reparatur, gleichwertigen Ersatz oder durch R\u00fcckerstattung des Kaufpreises zu erbringen. Weitere Anspr\u00fcche sind ausgeschlossen.&nbsp;<\/td><\/tr><tr><td>7.3<\/td><td>Von der Gew\u00e4hrleistung werden die normale Abn\u00fctzung sowie die Folgen unsachgem\u00e4sser Behandlung oder Besch\u00e4digung durch den Kunden oder Drittpersonen sowie M\u00e4ngel, die auf \u00e4ussere Umst\u00e4nde zur\u00fcckzuf\u00fchren sind, nicht erfasst. Ebenso wird die Gew\u00e4hrleistung f\u00fcr Verbrauchs- und Verschleissteile (z. B. Batterien etc.) wegbedungen.<\/td><\/tr><tr><td>7.4<\/td><td>Die Gew\u00e4hrleistung erlischt, wenn der Kunde ISSG nicht binnen 14 Tage seit Entdeckung des Mangels \u00fcber die Falschlieferung oder den Mangel schriftlich (per Post, E-Mail an sonja.dilly@01dilly.com) in Kenntnis setzt.<\/td><\/tr><tr><td>7.5<\/td><td>ISSG schliesst jede Haftung, unabh\u00e4ngig von ihrem Rechtsgrund, sowie Schadenersatzanspr\u00fcche gegen ISSG und allf\u00e4llige Hilfspersonen und Erf\u00fcllungsgehilfen aus. ISSG haftet insbesondere nicht f\u00fcr indirekte Sch\u00e4den und Mangelfolgesch\u00e4den, entgangenen Gewinn oder sonstige Personen-, Sach- und reine Verm\u00f6genssch\u00e4den des Kunden. ISSG haftet ebenfalls nicht f\u00fcr Sch\u00e4den als Folge unrichtiger Handhabung seiner Produkte. Der Kunde benutzt die Produkte von ISSG auf eigenes Risiko. Vorbehalten bleibt eine weitergehende zwingende gesetzliche Haftung, beispielsweise f\u00fcr grobe Fahrl\u00e4ssigkeit oder rechtswidrige Absicht.&nbsp;<\/td><\/tr><tr><td>7.6<\/td><td>ISSG erstattet dem Kunden im Falle einer Falschlieferung oder einer Lieferung mit mangelhafter Ware die Portokosten f\u00fcr die R\u00fccksendung.<\/td><\/tr><tr><td>8<\/td><td>Wareneinfuhr Ausland<\/td><\/tr><tr><td>8.1<\/td><td>Bei Wareneinfuhren in L\u00e4nder ausserhalb der Schweiz k\u00f6nnen Exportbeschr\u00e4nkungen vorliegen sowie Einfuhrabgaben und Steuern anfallen, welche der Kunde zu tragen hat. Der Kunde ist f\u00fcr die ordnungsgem\u00e4sse Abf\u00fchrung der notwendigen Z\u00f6lle und Geb\u00fchren verantwortlich. Einfuhrabgaben sind keine Versandkosten.<\/td><\/tr><tr><td>8.2<\/td><td>Bei Exporten ist der f\u00fcr den Kunden massgebende Preis der Nettopreis ohne Mehrwertsteuer.<\/td><\/tr><tr><td>9<\/td><td>Copyright und geistiges Eigentum<\/td><\/tr><tr><td>9.1<\/td><td>Die Rechte f\u00fcr jede Musik, jeden Text, jedes Design und jede Grafik (inkl. s\u00e4mtlichen Marken- und Firmenzeichen) sowie s\u00e4mtliche Leseproben, H\u00f6rproben und Produktvorf\u00fchrungen sowie alle produktbezogenen und nichtproduktbezogenen Angaben liegen bei ISSG. Musik, Texte, Designs, Grafiken, Leseproben, H\u00f6rproben, Produktevorf\u00fchrungen sowie alle produktbezogenen und nicht produktbezogenen Angaben d\u00fcrfen ohne vorherige schriftliche Erlaubnis von ISSG nicht kopiert oder reproduziert und auf keiner anderen Website ver\u00f6ffentlicht oder anderweitig genutzt werden.<\/td><\/tr><tr><td>9.2<\/td><td>Der Erwerb eines Produktes begr\u00fcndet keine urheberrechtlichen Nutzungsrechte f\u00fcr den K\u00e4ufer. Ver\u00f6ffentlichung, Vervielf\u00e4ltigung oder kommerzielle Nutzung von Produkten, Produktbestandteilen sowie Produkttiteln, Markenzeichen, Grafiken, Fotos, Audio- und Filmaufnahmen ist ohne ausdr\u00fcckliche, schriftliche Erlaubnis von ISSG verboten.<\/td><\/tr><tr><td>11<\/td><td>Kundenrezensionen<\/td><\/tr><tr><td>11.1<\/td><td>Produktrezensionen, die von unseren Kunden verfasst wurden, werden vom in ISSG gepr\u00fcft. Auf diese Weise wird sichergestellt, dass u. a. die Verletzung von Pers\u00f6nlichkeitsrechten vermieden wird. ISSG beh\u00e4lt sich vor, Rezension nicht oder gek\u00fcrzt zu ver\u00f6ffentlichen. Kundenrezensionen geben die Meinung der Kunden wieder und stimmen nicht unbedingt mit der Auffassung von ISSG \u00fcberein.<\/td><\/tr><tr><td>11.2<\/td><td>Der Kunde stimmt mit der Verfassung einer Rezension der Ver\u00f6ffentlichung durch ISSG auf allen seinen Kan\u00e4len zu (z. B. Webshops, Social Media Auftritt von ISSG, Printmedien).<\/td><\/tr><tr><td>13<\/td><td>Gerichtsstand Auf s\u00e4mtliche Rechtsbeziehungen zwischen ISSG und seinen Kunden ist Schweizer Recht anwendbar.<\/td><\/tr><\/tbody><\/table><\/figure>\n","protected":false},"excerpt":{"rendered":"<p>Allgemeine Gesch\u00e4ftsbedingungen AGB Ich sing so gern 1 Geltungsbereich 1.1 Diese Allgemeinen Gesch\u00e4ftsbedingungen (nachfolgend \u201eAGB\u201c) haben G\u00fcltigkeit f\u00fcr alle Gesch\u00e4ftsbeziehungen zwischen Ich sing so gern (nachfolgend \u201eISSG\u201c) und seinen Kunden. Insbesondere regeln sie den Verkauf von Waren (z. B. CDs, Salze, Liederb\u00fccher) \u00fcber den Webshop www.ichsingsogern.com\/ichsingsogern\/shop. 1.2 Es gilt jeweils die bei Vertragsschluss aktuelle Fassung [&hellip;]<\/p>\n","protected":false},"author":1,"featured_media":0,"parent":0,"menu_order":0,"comment_status":"closed","ping_status":"closed","template":"","meta":{"footnotes":""},"class_list":["post-16","page","type-page","status-publish","hentry"],"_links":{"self":[{"href":"https:\/\/www.ichsingsogern.com\/ichsingsogern\/wp-json\/wp\/v2\/pages\/16","targetHints":{"allow":["GET"]}}],"collection":[{"href":"https:\/\/www.ichsingsogern.com\/ichsingsogern\/wp-json\/wp\/v2\/pages"}],"about":[{"href":"https:\/\/www.ichsingsogern.com\/ichsingsogern\/wp-json\/wp\/v2\/types\/page"}],"author":[{"embeddable":true,"href":"https:\/\/www.ichsingsogern.com\/ichsingsogern\/wp-json\/wp\/v2\/users\/1"}],"replies":[{"embeddable":true,"href":"https:\/\/www.ichsingsogern.com\/ichsingsogern\/wp-json\/wp\/v2\/comments?post=16"}],"version-history":[{"count":1,"href":"https:\/\/www.ichsingsogern.com\/ichsingsogern\/wp-json\/wp\/v2\/pages\/16\/revisions"}],"predecessor-version":[{"id":1268,"href":"https:\/\/www.ichsingsogern.com\/ichsingsogern\/wp-json\/wp\/v2\/pages\/16\/revisions\/1268"}],"wp:attachment":[{"href":"https:\/\/www.ichsingsogern.com\/ichsingsogern\/wp-json\/wp\/v2\/media?parent=16"}],"curies":[{"name":"wp","href":"https:\/\/api.w.org\/{rel}","templated":true}]}}